{"id":236,"date":"2021-02-07T12:24:48","date_gmt":"2021-02-07T12:24:48","guid":{"rendered":"https:\/\/martinsblaeser.com\/?page_id=236"},"modified":"2022-02-20T15:28:04","modified_gmt":"2022-02-20T15:28:04","slug":"mitspielen","status":"publish","type":"page","link":"https:\/\/martinsblaeser.com\/?page_id=236","title":{"rendered":"MITSPIELEN"},"content":{"rendered":"<h2>Neue Bl\u00e4serInnen braucht ein Chor immer!<\/h2>\n<h3>Hast Du Lust, ein Blechblasinstrument zu lernen?<\/h3>\n<p>Bist Du mindestens sieben Jahre alt oder m\u00f6chtest Du nach einer l\u00e4ngeren Pause oder einem Umzug nach L\u00fcbeck wieder in einem Posaunenchor spielen?<\/p>\n<p>Oder hast Du Lust als Erwachsener bzw. Best-Ager ein Blechblasinstrument zu erlernen?<\/p>\n<p>Probieren geht \u00fcber Studieren! Du bist herzlich Willkommen. Notenkenntnisse oder eine musikalische Vorausbildung sind nicht erforderlich. Unterrichtet wird zun\u00e4chst im Einzelunterricht oder in kleinere Gruppen. Die Ausbildung \u00fcbernimmt die Chorleitung oder ein geschultes Chormitglied. Leihinstrumente stellen wir auch zur Verf\u00fcgung.<\/p>\n<p>Die &#8222;Jungbl\u00e4serInnen&#8220; proben am Freitagnachmittag ab 16:00 Uhr nach Vereinbarung.<\/p>\n<h3>Worauf wartest Du noch? Nimm Kontakt zu uns auf. Wir freuen uns!<\/h3>\n<p><img loading=\"lazy\" decoding=\"async\" class=\"alignnone size-medium wp-image-378\" src=\"https:\/\/martinsblaeser.com\/wp-content\/uploads\/2021\/03\/LG_Treppe-300x300.jpg\" alt=\"\" width=\"300\" height=\"300\" srcset=\"https:\/\/martinsblaeser.com\/wp-content\/uploads\/2021\/03\/LG_Treppe-300x300.jpg 300w, https:\/\/martinsblaeser.com\/wp-content\/uploads\/2021\/03\/LG_Treppe-1024x1024.jpg 1024w, https:\/\/martinsblaeser.com\/wp-content\/uploads\/2021\/03\/LG_Treppe-150x150.jpg 150w, https:\/\/martinsblaeser.com\/wp-content\/uploads\/2021\/03\/LG_Treppe-768x768.jpg 768w, https:\/\/martinsblaeser.com\/wp-content\/uploads\/2021\/03\/LG_Treppe.jpg 1382w\" sizes=\"auto, (max-width: 300px) 100vw, 300px\" \/><\/p>\n<p><img loading=\"lazy\" decoding=\"async\" class=\"alignnone size-medium wp-image-7\" src=\"https:\/\/martinsblaeser.com\/wp-content\/uploads\/2021\/01\/MB-Logo-neu-beschnitten-300x77.jpg\" alt=\"\" width=\"300\" height=\"77\" srcset=\"https:\/\/martinsblaeser.com\/wp-content\/uploads\/2021\/01\/MB-Logo-neu-beschnitten-300x77.jpg 300w, https:\/\/martinsblaeser.com\/wp-content\/uploads\/2021\/01\/MB-Logo-neu-beschnitten-1024x263.jpg 1024w, https:\/\/martinsblaeser.com\/wp-content\/uploads\/2021\/01\/MB-Logo-neu-beschnitten-768x197.jpg 768w, https:\/\/martinsblaeser.com\/wp-content\/uploads\/2021\/01\/MB-Logo-neu-beschnitten-1536x394.jpg 1536w, https:\/\/martinsblaeser.com\/wp-content\/uploads\/2021\/01\/MB-Logo-neu-beschnitten.jpg 1731w\" sizes=\"auto, (max-width: 300px) 100vw, 300px\" \/><\/p>\n","protected":false},"excerpt":{"rendered":"<p>Neue Bl\u00e4serInnen braucht ein Chor immer! Hast Du Lust, ein Blechblasinstrument zu lernen? Bist Du mindestens sieben Jahre alt oder m\u00f6chtest Du nach einer l\u00e4ngeren Pause oder einem Umzug nach L\u00fcbeck wieder in einem Posaunenchor spielen? Oder hast Du Lust als Erwachsener bzw. Best-Ager ein Blechblasinstrument zu erlernen? Probieren geht \u00fcber Studieren! Du bist herzlich Willkommen. Notenkenntnisse oder eine musikalische Vorausbildung sind nicht erforderlich. Unterrichtet wird zun\u00e4chst im Einzelunterricht oder in kleinere Gruppen. Die Ausbildung \u00fcbernimmt die Chorleitung oder ein geschultes Chormitglied. Leihinstrumente stellen wir auch zur Verf\u00fcgung. Die &#8222;Jungbl\u00e4serInnen&#8220; proben am Freitagnachmittag ab 16:00 Uhr nach Vereinbarung. Worauf wartest&#8230; <\/p>\n","protected":false},"author":2,"featured_media":573,"parent":0,"menu_order":0,"comment_status":"closed","ping_status":"closed","template":"template-parts\/page-template-full-width.php","meta":{"footnotes":""},"class_list":["post-236","page","type-page","status-publish","has-post-thumbnail","hentry"],"_links":{"self":[{"href":"https:\/\/martinsblaeser.com\/index.php?rest_route=\/wp\/v2\/pages\/236","targetHints":{"allow":["GET"]}}],"collection":[{"href":"https:\/\/martinsblaeser.com\/index.php?rest_route=\/wp\/v2\/pages"}],"about":[{"href":"https:\/\/martinsblaeser.com\/index.php?rest_route=\/wp\/v2\/types\/page"}],"author":[{"embeddable":true,"href":"https:\/\/martinsblaeser.com\/index.php?rest_route=\/wp\/v2\/users\/2"}],"replies":[{"embeddable":true,"href":"https:\/\/martinsblaeser.com\/index.php?rest_route=%2Fwp%2Fv2%2Fcomments&post=236"}],"version-history":[{"count":8,"href":"https:\/\/martinsblaeser.com\/index.php?rest_route=\/wp\/v2\/pages\/236\/revisions"}],"predecessor-version":[{"id":476,"href":"https:\/\/martinsblaeser.com\/index.php?rest_route=\/wp\/v2\/pages\/236\/revisions\/476"}],"wp:featuredmedia":[{"embeddable":true,"href":"https:\/\/martinsblaeser.com\/index.php?rest_route=\/wp\/v2\/media\/573"}],"wp:attachment":[{"href":"https:\/\/martinsblaeser.com\/index.php?rest_route=%2Fwp%2Fv2%2Fmedia&parent=236"}],"curies":[{"name":"wp","href":"https:\/\/api.w.org\/{rel}","templated":true}]}}