{"id":299,"date":"2021-02-21T12:02:19","date_gmt":"2021-02-21T12:02:19","guid":{"rendered":"https:\/\/martinsblaeser.com\/?page_id=299"},"modified":"2022-02-20T15:31:48","modified_gmt":"2022-02-20T15:31:48","slug":"chorleitung","status":"publish","type":"page","link":"https:\/\/martinsblaeser.com\/?page_id=299","title":{"rendered":"CHORLEITUNG"},"content":{"rendered":"<h2>Wer h\u00e4lt die F\u00e4den zusammen&#8230;<\/h2>\n<h3>&#8230;und den Taktstock in der Hand? Es sind Ute und Dr. Reinhard Lettau, die sich gern vorstellen:<\/h3>\n<p><img loading=\"lazy\" decoding=\"async\" class=\"wp-image-382 size-medium alignleft\" src=\"https:\/\/martinsblaeser.com\/wp-content\/uploads\/2021\/03\/Reinhard-300x300.jpg\" alt=\"\" width=\"300\" height=\"300\" srcset=\"https:\/\/martinsblaeser.com\/wp-content\/uploads\/2021\/03\/Reinhard-300x300.jpg 300w, https:\/\/martinsblaeser.com\/wp-content\/uploads\/2021\/03\/Reinhard-1024x1024.jpg 1024w, https:\/\/martinsblaeser.com\/wp-content\/uploads\/2021\/03\/Reinhard-150x150.jpg 150w, https:\/\/martinsblaeser.com\/wp-content\/uploads\/2021\/03\/Reinhard-768x768.jpg 768w, https:\/\/martinsblaeser.com\/wp-content\/uploads\/2021\/03\/Reinhard.jpg 1216w\" sizes=\"auto, (max-width: 300px) 100vw, 300px\" \/>Ich bin <strong>Reinhard Lettau<\/strong> und seit 2017 Chorleiter der MartinsBl\u00e4ser, bei denen ich als Bl\u00e4ser bereits seit 1983 aktiv bin. Auch vorher habe ich schon viele Jahre im Posaunenchor gespielt. Dadurch kann ich sowohl auf langj\u00e4hrige Erfahrung in der Chorleitung als auch in der Ausbildung von Nachwuchsbl\u00e4sern zur\u00fcckblicken.<\/p>\n<p>Von Beruf bin ich Arzt. W\u00e4hrend meines Medizinstudiums habe ich an der P\u00e4dagogischen Hochschule in Kiel eine klassische kirchenmusikalische Ausbildung absolviert. Diese habe ich mit der kleinen Kirchenmusikpr\u00fcfung (C-Pr\u00fcfung) abgeschlossen. Danach war ich 10 Jahre als Kantor in Oldenburg\/Holstein t\u00e4tig.<\/p>\n<p>Meine Hauptaufgabe als Chorleiter der MartinsBl\u00e4ser sehe ich vor allem darin, Gottesdienste und Gemeindeveranstaltungen musikalisch auszugestalten. Ich m\u00f6chte aber auch die Mitwirkung in der \u00fcbergemeindlichen Bl\u00e4serarbeit f\u00f6rdern. Aus diesem Grund bin ich auch als Bezirksobmann f\u00fcr die Bl\u00e4ser im Bezirk L\u00fcbeck verantwortlich.<\/p>\n<p>Gemeinsam mit meiner Frau Ute engagiere ich mich au\u00dferdem f\u00fcr die Jungbl\u00e4serausbildung bei den MartinsBl\u00e4sern. Dabei bilden wir sowohl Kinder und Jugendliche als auch Erwachsene aus, die genauso viel Spa\u00df an Blechblasmusik haben wie wir.<\/p>\n<p>&nbsp;<\/p>\n<p><img loading=\"lazy\" decoding=\"async\" class=\"size-medium wp-image-392 alignright\" src=\"https:\/\/martinsblaeser.com\/wp-content\/uploads\/2021\/03\/Ute-300x300.jpg\" alt=\"\" width=\"300\" height=\"300\" srcset=\"https:\/\/martinsblaeser.com\/wp-content\/uploads\/2021\/03\/Ute-300x300.jpg 300w, https:\/\/martinsblaeser.com\/wp-content\/uploads\/2021\/03\/Ute-1024x1024.jpg 1024w, https:\/\/martinsblaeser.com\/wp-content\/uploads\/2021\/03\/Ute-150x150.jpg 150w, https:\/\/martinsblaeser.com\/wp-content\/uploads\/2021\/03\/Ute-768x769.jpg 768w, https:\/\/martinsblaeser.com\/wp-content\/uploads\/2021\/03\/Ute.jpg 1352w\" sizes=\"auto, (max-width: 300px) 100vw, 300px\" \/>Ich bin <strong>Ute Lettau<\/strong> und ich bilde zur Zeit Bl\u00e4serinnen und Bl\u00e4ser aus. Ich kann mich noch gut an meine eigene Zeit als \u201eJungbl\u00e4serin\u201c erinnern. Ich war 12 und spielte in einem Posaunenchor im Kreis Pl\u00f6n Trompete. Viele Probenfreizeiten, die Teilnahme an Posaunen- und Kirchentagen und das Ensemblespielen mit Freunden haben mir damals wie heute gro\u00dfe Freude bereitet und mein K\u00f6nnen auf dem Instrument gefestigt.<\/p>\n<p>1981 bin ich mit meinem Mann Reinhard nach L\u00fcbeck gezogen und wollte auch hier die erf\u00fcllende Gemeinschaft eines Posaunenchores erleben. Diese habe ich bei den MartinsBl\u00e4sern gefunden. F\u00fcr mich war und ist es eine Herzensangelegenheit, meine Erfahrungen und die Freude am Instrument an andere weiter zu geben. Daf\u00fcr habe ich Schulungen besucht und Qualifizierungen erworben und bilde nun seit vielen Jahren unseren Nachwuchs aus.<\/p>\n<p>&nbsp;<\/p>\n<p><img loading=\"lazy\" decoding=\"async\" class=\"alignnone size-medium wp-image-7 aligncenter\" src=\"https:\/\/martinsblaeser.com\/wp-content\/uploads\/2021\/01\/MB-Logo-neu-beschnitten-300x77.jpg\" alt=\"\" width=\"300\" height=\"77\" srcset=\"https:\/\/martinsblaeser.com\/wp-content\/uploads\/2021\/01\/MB-Logo-neu-beschnitten-300x77.jpg 300w, https:\/\/martinsblaeser.com\/wp-content\/uploads\/2021\/01\/MB-Logo-neu-beschnitten-1024x263.jpg 1024w, https:\/\/martinsblaeser.com\/wp-content\/uploads\/2021\/01\/MB-Logo-neu-beschnitten-768x197.jpg 768w, https:\/\/martinsblaeser.com\/wp-content\/uploads\/2021\/01\/MB-Logo-neu-beschnitten-1536x394.jpg 1536w, https:\/\/martinsblaeser.com\/wp-content\/uploads\/2021\/01\/MB-Logo-neu-beschnitten.jpg 1731w\" sizes=\"auto, (max-width: 300px) 100vw, 300px\" \/><\/p>\n","protected":false},"excerpt":{"rendered":"<p>Wer h\u00e4lt die F\u00e4den zusammen&#8230; &#8230;und den Taktstock in der Hand? Es sind Ute und Dr. Reinhard Lettau, die sich gern vorstellen: Ich bin Reinhard Lettau und seit 2017 Chorleiter der MartinsBl\u00e4ser, bei denen ich als Bl\u00e4ser bereits seit 1983 aktiv bin. Auch vorher habe ich schon viele Jahre im Posaunenchor gespielt. Dadurch kann ich sowohl auf langj\u00e4hrige Erfahrung in der Chorleitung als auch in der Ausbildung von Nachwuchsbl\u00e4sern zur\u00fcckblicken. Von Beruf bin ich Arzt. W\u00e4hrend meines Medizinstudiums habe ich an der P\u00e4dagogischen Hochschule in Kiel eine klassische kirchenmusikalische Ausbildung absolviert. Diese habe ich mit der kleinen Kirchenmusikpr\u00fcfung (C-Pr\u00fcfung) abgeschlossen&#8230;. <\/p>\n","protected":false},"author":2,"featured_media":361,"parent":37,"menu_order":5,"comment_status":"closed","ping_status":"closed","template":"template-parts\/page-template-full-width.php","meta":{"footnotes":""},"class_list":["post-299","page","type-page","status-publish","has-post-thumbnail","hentry"],"_links":{"self":[{"href":"https:\/\/martinsblaeser.com\/index.php?rest_route=\/wp\/v2\/pages\/299","targetHints":{"allow":["GET"]}}],"collection":[{"href":"https:\/\/martinsblaeser.com\/index.php?rest_route=\/wp\/v2\/pages"}],"about":[{"href":"https:\/\/martinsblaeser.com\/index.php?rest_route=\/wp\/v2\/types\/page"}],"author":[{"embeddable":true,"href":"https:\/\/martinsblaeser.com\/index.php?rest_route=\/wp\/v2\/users\/2"}],"replies":[{"embeddable":true,"href":"https:\/\/martinsblaeser.com\/index.php?rest_route=%2Fwp%2Fv2%2Fcomments&post=299"}],"version-history":[{"count":13,"href":"https:\/\/martinsblaeser.com\/index.php?rest_route=\/wp\/v2\/pages\/299\/revisions"}],"predecessor-version":[{"id":480,"href":"https:\/\/martinsblaeser.com\/index.php?rest_route=\/wp\/v2\/pages\/299\/revisions\/480"}],"up":[{"embeddable":true,"href":"https:\/\/martinsblaeser.com\/index.php?rest_route=\/wp\/v2\/pages\/37"}],"wp:featuredmedia":[{"embeddable":true,"href":"https:\/\/martinsblaeser.com\/index.php?rest_route=\/wp\/v2\/media\/361"}],"wp:attachment":[{"href":"https:\/\/martinsblaeser.com\/index.php?rest_route=%2Fwp%2Fv2%2Fmedia&parent=299"}],"curies":[{"name":"wp","href":"https:\/\/api.w.org\/{rel}","templated":true}]}}