{"id":40,"date":"2021-01-17T16:25:38","date_gmt":"2021-01-17T16:25:38","guid":{"rendered":"http:\/\/martinsblaeser.com\/wp\/?page_id=40"},"modified":"2022-02-20T15:20:30","modified_gmt":"2022-02-20T15:20:30","slug":"was_wir_spielen","status":"publish","type":"page","link":"https:\/\/martinsblaeser.com\/?page_id=40","title":{"rendered":"WAS WIR SPIELEN"},"content":{"rendered":"<h3>So vielf\u00e4ltig wie wir sind &#8211; einfach querblechein!<\/h3>\n<p>Neben 3- bis 4-stimminger Choralbegleitung in Gottesdiensten spielen wir klassische und<!--more--> moderne St\u00fccke. Dazu z\u00e4hlt geistliche Musik von zeitgen\u00f6ssischen und alten Komponisten. Aber auch Weltliches kommt bei uns nicht zu kurz. Dabei geh\u00f6rt die Stilrichtung Swing oder etwas \u201eJazziges\u201d ebenso zum Repertoire wie lateinamerikanische T\u00e4nze.<\/p>\n<p>Es kommt durchaus vor, dass wir auch zusammen mit anderen Ch\u00f6ren musizieren. So lassen sich auch gr\u00f6\u00dfere Besetzungen und Vielstimmigkeit realisieren.<\/p>\n<p>Leiht uns Euer Ohr bei unseren n\u00e4chsten <a href=\"https:\/\/martinsblaeser.com\/?page_id=56\">Terminen<\/a>. Hier bekommt Ihr einen ersten Eindruck!<\/p>\n<p><img loading=\"lazy\" decoding=\"async\" class=\"alignnone size-medium wp-image-562\" src=\"https:\/\/martinsblaeser.com\/wp-content\/uploads\/2022\/02\/Quadrat-Bass_1030412a-300x300.png\" alt=\"\" width=\"300\" height=\"300\" srcset=\"https:\/\/martinsblaeser.com\/wp-content\/uploads\/2022\/02\/Quadrat-Bass_1030412a-300x300.png 300w, https:\/\/martinsblaeser.com\/wp-content\/uploads\/2022\/02\/Quadrat-Bass_1030412a-1024x1024.png 1024w, https:\/\/martinsblaeser.com\/wp-content\/uploads\/2022\/02\/Quadrat-Bass_1030412a-150x150.png 150w, https:\/\/martinsblaeser.com\/wp-content\/uploads\/2022\/02\/Quadrat-Bass_1030412a-768x768.png 768w, https:\/\/martinsblaeser.com\/wp-content\/uploads\/2022\/02\/Quadrat-Bass_1030412a-1536x1536.png 1536w, https:\/\/martinsblaeser.com\/wp-content\/uploads\/2022\/02\/Quadrat-Bass_1030412a.png 1587w\" sizes=\"auto, (max-width: 300px) 100vw, 300px\" \/><\/p>\n<p><img loading=\"lazy\" decoding=\"async\" class=\"alignnone size-medium wp-image-7\" src=\"https:\/\/martinsblaeser.com\/wp-content\/uploads\/2021\/01\/MB-Logo-neu-beschnitten-300x77.jpg\" alt=\"\" width=\"300\" height=\"77\" srcset=\"https:\/\/martinsblaeser.com\/wp-content\/uploads\/2021\/01\/MB-Logo-neu-beschnitten-300x77.jpg 300w, https:\/\/martinsblaeser.com\/wp-content\/uploads\/2021\/01\/MB-Logo-neu-beschnitten-1024x263.jpg 1024w, https:\/\/martinsblaeser.com\/wp-content\/uploads\/2021\/01\/MB-Logo-neu-beschnitten-768x197.jpg 768w, https:\/\/martinsblaeser.com\/wp-content\/uploads\/2021\/01\/MB-Logo-neu-beschnitten-1536x394.jpg 1536w, https:\/\/martinsblaeser.com\/wp-content\/uploads\/2021\/01\/MB-Logo-neu-beschnitten.jpg 1731w\" sizes=\"auto, (max-width: 300px) 100vw, 300px\" \/><\/p>\n","protected":false},"excerpt":{"rendered":"<p>So vielf\u00e4ltig wie wir sind &#8211; einfach querblechein! Neben 3- bis 4-stimminger Choralbegleitung in Gottesdiensten spielen wir klassische und<\/p>\n","protected":false},"author":1,"featured_media":570,"parent":37,"menu_order":2,"comment_status":"closed","ping_status":"closed","template":"template-parts\/page-template-full-width.php","meta":{"footnotes":""},"class_list":["post-40","page","type-page","status-publish","has-post-thumbnail","hentry"],"_links":{"self":[{"href":"https:\/\/martinsblaeser.com\/index.php?rest_route=\/wp\/v2\/pages\/40","targetHints":{"allow":["GET"]}}],"collection":[{"href":"https:\/\/martinsblaeser.com\/index.php?rest_route=\/wp\/v2\/pages"}],"about":[{"href":"https:\/\/martinsblaeser.com\/index.php?rest_route=\/wp\/v2\/types\/page"}],"author":[{"embeddable":true,"href":"https:\/\/martinsblaeser.com\/index.php?rest_route=\/wp\/v2\/users\/1"}],"replies":[{"embeddable":true,"href":"https:\/\/martinsblaeser.com\/index.php?rest_route=%2Fwp%2Fv2%2Fcomments&post=40"}],"version-history":[{"count":25,"href":"https:\/\/martinsblaeser.com\/index.php?rest_route=\/wp\/v2\/pages\/40\/revisions"}],"predecessor-version":[{"id":576,"href":"https:\/\/martinsblaeser.com\/index.php?rest_route=\/wp\/v2\/pages\/40\/revisions\/576"}],"up":[{"embeddable":true,"href":"https:\/\/martinsblaeser.com\/index.php?rest_route=\/wp\/v2\/pages\/37"}],"wp:featuredmedia":[{"embeddable":true,"href":"https:\/\/martinsblaeser.com\/index.php?rest_route=\/wp\/v2\/media\/570"}],"wp:attachment":[{"href":"https:\/\/martinsblaeser.com\/index.php?rest_route=%2Fwp%2Fv2%2Fmedia&parent=40"}],"curies":[{"name":"wp","href":"https:\/\/api.w.org\/{rel}","templated":true}]}}