{"id":75,"date":"2021-01-18T15:32:53","date_gmt":"2021-01-18T15:32:53","guid":{"rendered":"http:\/\/martinsblaeser.com\/wp\/?page_id=75"},"modified":"2022-02-20T15:40:59","modified_gmt":"2022-02-20T15:40:59","slug":"kontakt","status":"publish","type":"page","link":"https:\/\/martinsblaeser.com\/?page_id=75","title":{"rendered":"KONTAKT"},"content":{"rendered":"<h3>So nimmst Du Kontakt zu uns auf:<\/h3>\n<p>Unseren Chorleiter<strong> Dr. Reinhard Lettau<\/strong> erreichst Du<\/p>\n<p>am besten per <strong>E-Mail: <\/strong><br \/>\n<strong><img loading=\"lazy\" decoding=\"async\" class=\"alignnone wp-image-411\" src=\"https:\/\/martinsblaeser.com\/wp-content\/uploads\/2021\/03\/martinsblaeser@gmx.de_.jpg\" alt=\"\" width=\"180\" height=\"21\" \/><\/strong><\/p>\n<p>oder per <strong>Telefon: 0451 39 45 70<\/strong><\/p>\n<p>&nbsp;<\/p>\n<h3>So kommst Du zu uns:<\/h3>\n<p>Die <strong>St.-Martin-Kirche<\/strong> ist in der <strong>Kastanienallee 15c <\/strong>in <strong>23562 L\u00fcbeck<\/strong>.<\/p>\n<p>Die Kirche liegt im Stadtteil St. J\u00fcrgen, dem s\u00fcdlichen Stadtteil, der die Altstadt mit dem Universit\u00e4tsklinikum und dem Hochschulstadtteil verbindet.<\/p>\n<p>Vor der Altstadtinsel kommend f\u00e4hrst Du auf der Ratzeburger Allee in Richtung Universit\u00e4tsklinikum und biegst an der Tankstelle rechts in die Kastanienallee ein. Nach ca. 300m liegt die St.-Martin-Kirche auf der linken Seite.<\/p>\n<p>Mit dem Bus kommst Du nat\u00fcrlich auch zu uns:<\/p>\n<ul>\n<li>Linien 1 oder 9, Haltestelle Kastanienallee<\/li>\n<li>Linien 4 oder 6, Haltestelle Weinbergstra\u00dfe<\/li>\n<\/ul>\n<h3>Also los, mach Dich auf! Du bist willkommen.<\/h3>\n<p><img loading=\"lazy\" decoding=\"async\" class=\"alignnone size-medium wp-image-383\" src=\"https:\/\/martinsblaeser.com\/wp-content\/uploads\/2021\/03\/Schuhe-300x300.jpg\" alt=\"\" width=\"300\" height=\"300\" srcset=\"https:\/\/martinsblaeser.com\/wp-content\/uploads\/2021\/03\/Schuhe-300x300.jpg 300w, https:\/\/martinsblaeser.com\/wp-content\/uploads\/2021\/03\/Schuhe-1024x1024.jpg 1024w, https:\/\/martinsblaeser.com\/wp-content\/uploads\/2021\/03\/Schuhe-150x150.jpg 150w, https:\/\/martinsblaeser.com\/wp-content\/uploads\/2021\/03\/Schuhe-768x768.jpg 768w, https:\/\/martinsblaeser.com\/wp-content\/uploads\/2021\/03\/Schuhe-1536x1536.jpg 1536w, https:\/\/martinsblaeser.com\/wp-content\/uploads\/2021\/03\/Schuhe.jpg 1821w\" sizes=\"auto, (max-width: 300px) 100vw, 300px\" \/><\/p>\n<p><img loading=\"lazy\" decoding=\"async\" class=\"alignnone size-medium wp-image-7\" src=\"https:\/\/martinsblaeser.com\/wp-content\/uploads\/2021\/01\/MB-Logo-neu-beschnitten-300x77.jpg\" alt=\"\" width=\"300\" height=\"77\" srcset=\"https:\/\/martinsblaeser.com\/wp-content\/uploads\/2021\/01\/MB-Logo-neu-beschnitten-300x77.jpg 300w, https:\/\/martinsblaeser.com\/wp-content\/uploads\/2021\/01\/MB-Logo-neu-beschnitten-1024x263.jpg 1024w, https:\/\/martinsblaeser.com\/wp-content\/uploads\/2021\/01\/MB-Logo-neu-beschnitten-768x197.jpg 768w, https:\/\/martinsblaeser.com\/wp-content\/uploads\/2021\/01\/MB-Logo-neu-beschnitten-1536x394.jpg 1536w, https:\/\/martinsblaeser.com\/wp-content\/uploads\/2021\/01\/MB-Logo-neu-beschnitten.jpg 1731w\" sizes=\"auto, (max-width: 300px) 100vw, 300px\" \/><\/p>\n","protected":false},"excerpt":{"rendered":"<p>So nimmst Du Kontakt zu uns auf: Unseren Chorleiter Dr. Reinhard Lettau erreichst Du am besten per E-Mail: oder per Telefon: 0451 39 45 70 &nbsp; So kommst Du zu uns: Die St.-Martin-Kirche ist in der Kastanienallee 15c in 23562 L\u00fcbeck. Die Kirche liegt im Stadtteil St. J\u00fcrgen, dem s\u00fcdlichen Stadtteil, der die Altstadt mit dem Universit\u00e4tsklinikum und dem Hochschulstadtteil verbindet. Vor der Altstadtinsel kommend f\u00e4hrst Du auf der Ratzeburger Allee in Richtung Universit\u00e4tsklinikum und biegst an der Tankstelle rechts in die Kastanienallee ein. Nach ca. 300m liegt die St.-Martin-Kirche auf der linken Seite. Mit dem Bus kommst Du nat\u00fcrlich&#8230; <\/p>\n","protected":false},"author":1,"featured_media":572,"parent":0,"menu_order":50,"comment_status":"closed","ping_status":"closed","template":"template-parts\/page-template-full-width.php","meta":{"footnotes":""},"class_list":["post-75","page","type-page","status-publish","has-post-thumbnail","hentry"],"_links":{"self":[{"href":"https:\/\/martinsblaeser.com\/index.php?rest_route=\/wp\/v2\/pages\/75","targetHints":{"allow":["GET"]}}],"collection":[{"href":"https:\/\/martinsblaeser.com\/index.php?rest_route=\/wp\/v2\/pages"}],"about":[{"href":"https:\/\/martinsblaeser.com\/index.php?rest_route=\/wp\/v2\/types\/page"}],"author":[{"embeddable":true,"href":"https:\/\/martinsblaeser.com\/index.php?rest_route=\/wp\/v2\/users\/1"}],"replies":[{"embeddable":true,"href":"https:\/\/martinsblaeser.com\/index.php?rest_route=%2Fwp%2Fv2%2Fcomments&post=75"}],"version-history":[{"count":15,"href":"https:\/\/martinsblaeser.com\/index.php?rest_route=\/wp\/v2\/pages\/75\/revisions"}],"predecessor-version":[{"id":461,"href":"https:\/\/martinsblaeser.com\/index.php?rest_route=\/wp\/v2\/pages\/75\/revisions\/461"}],"wp:featuredmedia":[{"embeddable":true,"href":"https:\/\/martinsblaeser.com\/index.php?rest_route=\/wp\/v2\/media\/572"}],"wp:attachment":[{"href":"https:\/\/martinsblaeser.com\/index.php?rest_route=%2Fwp%2Fv2%2Fmedia&parent=75"}],"curies":[{"name":"wp","href":"https:\/\/api.w.org\/{rel}","templated":true}]}}